{"id":116,"date":"2024-01-09T18:26:53","date_gmt":"2024-01-09T18:26:53","guid":{"rendered":"https:\/\/bmpalvelutoy.fi\/?page_id=116"},"modified":"2024-04-14T14:52:27","modified_gmt":"2024-04-14T14:52:27","slug":"palvelut","status":"publish","type":"page","link":"https:\/\/bmpalvelutoy.fi\/index.php\/palvelut\/","title":{"rendered":"Palvelut"},"content":{"rendered":"\t\t<div data-elementor-type=\"wp-page\" data-elementor-id=\"116\" class=\"elementor elementor-116\" data-elementor-post-type=\"page\">\n\t\t\t\t\t\t\t\t\t<section class=\"elementor-section elementor-top-section elementor-element elementor-element-17617c53 elementor-section-boxed elementor-section-height-default elementor-section-height-default elementor-invisible\" data-id=\"17617c53\" data-element_type=\"section\" data-settings=\"{&quot;background_background&quot;:&quot;classic&quot;,&quot;animation&quot;:&quot;fadeIn&quot;}\">\n\t\t\t\t\t\t\t<div class=\"elementor-background-overlay\"><\/div>\n\t\t\t\t\t\t\t<div class=\"elementor-container elementor-column-gap-default\">\n\t\t\t\t\t<div class=\"elementor-column elementor-col-100 elementor-top-column elementor-element elementor-element-79f01264\" data-id=\"79f01264\" data-element_type=\"column\">\n\t\t\t<div class=\"elementor-widget-wrap elementor-element-populated\">\n\t\t\t\t\t\t\t\t<div class=\"elementor-element elementor-element-76b7b795 elementor-invisible elementor-widget elementor-widget-heading\" data-id=\"76b7b795\" data-element_type=\"widget\" data-settings=\"{&quot;_animation&quot;:&quot;fadeInUp&quot;}\" data-widget_type=\"heading.default\">\n\t\t\t\t<div class=\"elementor-widget-container\">\n\t\t\t<style>\/*! elementor - v3.18.0 - 20-12-2023 *\/\n.elementor-heading-title{padding:0;margin:0;line-height:1}.elementor-widget-heading .elementor-heading-title[class*=elementor-size-]>a{color:inherit;font-size:inherit;line-height:inherit}.elementor-widget-heading .elementor-heading-title.elementor-size-small{font-size:15px}.elementor-widget-heading .elementor-heading-title.elementor-size-medium{font-size:19px}.elementor-widget-heading .elementor-heading-title.elementor-size-large{font-size:29px}.elementor-widget-heading .elementor-heading-title.elementor-size-xl{font-size:39px}.elementor-widget-heading .elementor-heading-title.elementor-size-xxl{font-size:59px}<\/style><h1 class=\"elementor-heading-title elementor-size-default\">Meid\u00e4n Palvelut<\/h1>\t\t<\/div>\n\t\t\t\t<\/div>\n\t\t\t\t\t<\/div>\n\t\t<\/div>\n\t\t\t\t\t\t\t<\/div>\n\t\t<\/section>\n\t\t\t\t<section class=\"elementor-section elementor-top-section elementor-element elementor-element-73a8b8d5 elementor-section-boxed elementor-section-height-default elementor-section-height-default\" data-id=\"73a8b8d5\" data-element_type=\"section\">\n\t\t\t\t\t\t<div class=\"elementor-container elementor-column-gap-default\">\n\t\t\t\t\t<div class=\"elementor-column elementor-col-33 elementor-top-column elementor-element elementor-element-4d1f8b03\" data-id=\"4d1f8b03\" data-element_type=\"column\">\n\t\t\t<div class=\"elementor-widget-wrap elementor-element-populated\">\n\t\t\t\t\t\t\t\t<div class=\"elementor-element elementor-element-38fdf170 elementor-position-top elementor-invisible elementor-widget elementor-widget-image-box\" data-id=\"38fdf170\" data-element_type=\"widget\" data-settings=\"{&quot;_animation&quot;:&quot;fadeInLeft&quot;}\" data-widget_type=\"image-box.default\">\n\t\t\t\t<div class=\"elementor-widget-container\">\n\t\t\t<style>\/*! elementor - v3.18.0 - 20-12-2023 *\/\n.elementor-widget-image-box .elementor-image-box-content{width:100%}@media (min-width:768px){.elementor-widget-image-box.elementor-position-left .elementor-image-box-wrapper,.elementor-widget-image-box.elementor-position-right .elementor-image-box-wrapper{display:flex}.elementor-widget-image-box.elementor-position-right .elementor-image-box-wrapper{text-align:right;flex-direction:row-reverse}.elementor-widget-image-box.elementor-position-left .elementor-image-box-wrapper{text-align:left;flex-direction:row}.elementor-widget-image-box.elementor-position-top .elementor-image-box-img{margin:auto}.elementor-widget-image-box.elementor-vertical-align-top .elementor-image-box-wrapper{align-items:flex-start}.elementor-widget-image-box.elementor-vertical-align-middle .elementor-image-box-wrapper{align-items:center}.elementor-widget-image-box.elementor-vertical-align-bottom .elementor-image-box-wrapper{align-items:flex-end}}@media (max-width:767px){.elementor-widget-image-box .elementor-image-box-img{margin-left:auto!important;margin-right:auto!important;margin-bottom:15px}}.elementor-widget-image-box .elementor-image-box-img{display:inline-block}.elementor-widget-image-box .elementor-image-box-title a{color:inherit}.elementor-widget-image-box .elementor-image-box-wrapper{text-align:center}.elementor-widget-image-box .elementor-image-box-description{margin:0}<\/style><div class=\"elementor-image-box-wrapper\"><figure class=\"elementor-image-box-img\"><a href=\"https:\/\/bmpalvelutoy.fi\/index.php\/rakennussiivoukset\/\" tabindex=\"-1\"><img fetchpriority=\"high\" decoding=\"async\" width=\"2000\" height=\"1333\" src=\"https:\/\/bmpalvelutoy.fi\/wp-content\/uploads\/2024\/01\/a-man-is-cleaning-the-room-during-repairs-using-a-construction-vacuum-cleaner.jpg\" class=\"attachment-full size-full wp-image-243\" alt=\"A man is cleaning the room during repairs using a construction vacuum cleaner\" srcset=\"https:\/\/bmpalvelutoy.fi\/wp-content\/uploads\/2024\/01\/a-man-is-cleaning-the-room-during-repairs-using-a-construction-vacuum-cleaner.jpg 2000w, https:\/\/bmpalvelutoy.fi\/wp-content\/uploads\/2024\/01\/a-man-is-cleaning-the-room-during-repairs-using-a-construction-vacuum-cleaner-300x200.jpg 300w, https:\/\/bmpalvelutoy.fi\/wp-content\/uploads\/2024\/01\/a-man-is-cleaning-the-room-during-repairs-using-a-construction-vacuum-cleaner-1024x682.jpg 1024w, https:\/\/bmpalvelutoy.fi\/wp-content\/uploads\/2024\/01\/a-man-is-cleaning-the-room-during-repairs-using-a-construction-vacuum-cleaner-768x512.jpg 768w, https:\/\/bmpalvelutoy.fi\/wp-content\/uploads\/2024\/01\/a-man-is-cleaning-the-room-during-repairs-using-a-construction-vacuum-cleaner-1536x1024.jpg 1536w\" sizes=\"(max-width: 2000px) 100vw, 2000px\" \/><\/a><\/figure><div class=\"elementor-image-box-content\"><h5 class=\"elementor-image-box-title\"><a href=\"https:\/\/bmpalvelutoy.fi\/index.php\/rakennussiivoukset\/\">Rakennussiivoukset<\/a><\/h5><p class=\"elementor-image-box-description\">Ammattitaidolla toteutettu rakennussiivous varmistaa ty\u00f6maasi siisteyden ja turvallisuuden projektin kaikissa vaiheissa.<\/p><\/div><\/div>\t\t<\/div>\n\t\t\t\t<\/div>\n\t\t\t\t<div class=\"elementor-element elementor-element-68e032f3 elementor-position-top elementor-invisible elementor-widget elementor-widget-image-box\" data-id=\"68e032f3\" data-element_type=\"widget\" data-settings=\"{&quot;_animation&quot;:&quot;fadeInLeft&quot;}\" data-widget_type=\"image-box.default\">\n\t\t\t\t<div class=\"elementor-widget-container\">\n\t\t\t<div class=\"elementor-image-box-wrapper\"><figure class=\"elementor-image-box-img\"><a href=\"https:\/\/bmpalvelutoy.fi\/index.php\/toimistosiivous\/\" tabindex=\"-1\"><img decoding=\"async\" width=\"2000\" height=\"1194\" src=\"https:\/\/bmpalvelutoy.fi\/wp-content\/uploads\/2024\/01\/close-up-view-of-woman-in-protective-gloves-that-cleaning-tables-in-the-office.jpg\" class=\"attachment-full size-full wp-image-104\" alt=\"Close up view of woman in protective gloves that cleaning tables in the office\" srcset=\"https:\/\/bmpalvelutoy.fi\/wp-content\/uploads\/2024\/01\/close-up-view-of-woman-in-protective-gloves-that-cleaning-tables-in-the-office.jpg 2000w, https:\/\/bmpalvelutoy.fi\/wp-content\/uploads\/2024\/01\/close-up-view-of-woman-in-protective-gloves-that-cleaning-tables-in-the-office-300x179.jpg 300w, https:\/\/bmpalvelutoy.fi\/wp-content\/uploads\/2024\/01\/close-up-view-of-woman-in-protective-gloves-that-cleaning-tables-in-the-office-1024x611.jpg 1024w, https:\/\/bmpalvelutoy.fi\/wp-content\/uploads\/2024\/01\/close-up-view-of-woman-in-protective-gloves-that-cleaning-tables-in-the-office-768x458.jpg 768w, https:\/\/bmpalvelutoy.fi\/wp-content\/uploads\/2024\/01\/close-up-view-of-woman-in-protective-gloves-that-cleaning-tables-in-the-office-1536x917.jpg 1536w\" sizes=\"(max-width: 2000px) 100vw, 2000px\" \/><\/a><\/figure><div class=\"elementor-image-box-content\"><h5 class=\"elementor-image-box-title\"><a href=\"https:\/\/bmpalvelutoy.fi\/index.php\/toimistosiivous\/\">Toimistosiivous<\/a><\/h5><p class=\"elementor-image-box-description\">BM Palvelut Oy:n toimistosiivous tarjoaa ammattimaista ja huolellista puhdistusta, tukien ty\u00f6ymp\u00e4rist\u00f6n puhtautta ja tuottavuutta.<\/p><\/div><\/div>\t\t<\/div>\n\t\t\t\t<\/div>\n\t\t\t\t<div class=\"elementor-element elementor-element-831c73e elementor-position-top elementor-invisible elementor-widget elementor-widget-image-box\" data-id=\"831c73e\" data-element_type=\"widget\" data-settings=\"{&quot;_animation&quot;:&quot;fadeInUp&quot;}\" data-widget_type=\"image-box.default\">\n\t\t\t\t<div class=\"elementor-widget-container\">\n\t\t\t<div class=\"elementor-image-box-wrapper\"><figure class=\"elementor-image-box-img\"><a href=\"https:\/\/bmpalvelutoy.fi\/index.php\/pakettiauton-vuokraus\/\" tabindex=\"-1\"><img decoding=\"async\" width=\"2000\" height=\"1333\" src=\"https:\/\/bmpalvelutoy.fi\/wp-content\/uploads\/2024\/01\/empty-trunk-on-a-van.jpg\" class=\"attachment-full size-full wp-image-228\" alt=\"Empty trunk on a van\" srcset=\"https:\/\/bmpalvelutoy.fi\/wp-content\/uploads\/2024\/01\/empty-trunk-on-a-van.jpg 2000w, https:\/\/bmpalvelutoy.fi\/wp-content\/uploads\/2024\/01\/empty-trunk-on-a-van-300x200.jpg 300w, https:\/\/bmpalvelutoy.fi\/wp-content\/uploads\/2024\/01\/empty-trunk-on-a-van-1024x682.jpg 1024w, https:\/\/bmpalvelutoy.fi\/wp-content\/uploads\/2024\/01\/empty-trunk-on-a-van-768x512.jpg 768w, https:\/\/bmpalvelutoy.fi\/wp-content\/uploads\/2024\/01\/empty-trunk-on-a-van-1536x1024.jpg 1536w\" sizes=\"(max-width: 2000px) 100vw, 2000px\" \/><\/a><\/figure><div class=\"elementor-image-box-content\"><h5 class=\"elementor-image-box-title\"><a href=\"https:\/\/bmpalvelutoy.fi\/index.php\/pakettiauton-vuokraus\/\">Pakettiauton vuokraus<\/a><\/h5><p class=\"elementor-image-box-description\">BM Palvelut Oy:n pakettiauton vuokraus tarjoaa joustavia ja luotettavia vaihtoehtoja kaikenlaisiin kuljetustarpeisiin, yksinkertaistaen logistiikkaasi.<\/p><\/div><\/div>\t\t<\/div>\n\t\t\t\t<\/div>\n\t\t\t\t\t<\/div>\n\t\t<\/div>\n\t\t\t\t<div class=\"elementor-column elementor-col-33 elementor-top-column elementor-element elementor-element-7d248158\" data-id=\"7d248158\" data-element_type=\"column\">\n\t\t\t<div class=\"elementor-widget-wrap elementor-element-populated\">\n\t\t\t\t\t\t\t\t<div class=\"elementor-element elementor-element-163a1e8c elementor-position-top elementor-invisible elementor-widget elementor-widget-image-box\" data-id=\"163a1e8c\" data-element_type=\"widget\" data-settings=\"{&quot;_animation&quot;:&quot;fadeInUp&quot;}\" data-widget_type=\"image-box.default\">\n\t\t\t\t<div class=\"elementor-widget-container\">\n\t\t\t<div class=\"elementor-image-box-wrapper\"><figure class=\"elementor-image-box-img\"><a href=\"https:\/\/bmpalvelutoy.fi\/index.php\/purkutyot\/\" tabindex=\"-1\"><img loading=\"lazy\" decoding=\"async\" width=\"2000\" height=\"1335\" src=\"https:\/\/bmpalvelutoy.fi\/wp-content\/uploads\/2024\/01\/man-with-demolition-hammer-remove-stucco-from-wall-renovation-concept.jpg\" class=\"attachment-full size-full wp-image-32\" alt=\"Man with demolition hammer remove stucco from wall. Renovation concept\" srcset=\"https:\/\/bmpalvelutoy.fi\/wp-content\/uploads\/2024\/01\/man-with-demolition-hammer-remove-stucco-from-wall-renovation-concept.jpg 2000w, https:\/\/bmpalvelutoy.fi\/wp-content\/uploads\/2024\/01\/man-with-demolition-hammer-remove-stucco-from-wall-renovation-concept-300x200.jpg 300w, https:\/\/bmpalvelutoy.fi\/wp-content\/uploads\/2024\/01\/man-with-demolition-hammer-remove-stucco-from-wall-renovation-concept-1024x684.jpg 1024w, https:\/\/bmpalvelutoy.fi\/wp-content\/uploads\/2024\/01\/man-with-demolition-hammer-remove-stucco-from-wall-renovation-concept-768x513.jpg 768w, https:\/\/bmpalvelutoy.fi\/wp-content\/uploads\/2024\/01\/man-with-demolition-hammer-remove-stucco-from-wall-renovation-concept-1536x1025.jpg 1536w\" sizes=\"(max-width: 2000px) 100vw, 2000px\" \/><\/a><\/figure><div class=\"elementor-image-box-content\"><h5 class=\"elementor-image-box-title\"><a href=\"https:\/\/bmpalvelutoy.fi\/index.php\/purkutyot\/\">Purkuty\u00f6t<\/a><\/h5><p class=\"elementor-image-box-description\">Tehokkaat ja turvalliset purkuty\u00f6t ammattilaistemme toimesta takaavat sujuvan valmistelun seuraavia rakennusvaiheita varten.<\/p><\/div><\/div>\t\t<\/div>\n\t\t\t\t<\/div>\n\t\t\t\t<div class=\"elementor-element elementor-element-be99d1a elementor-position-top elementor-invisible elementor-widget elementor-widget-image-box\" data-id=\"be99d1a\" data-element_type=\"widget\" data-settings=\"{&quot;_animation&quot;:&quot;fadeInUp&quot;}\" data-widget_type=\"image-box.default\">\n\t\t\t\t<div class=\"elementor-widget-container\">\n\t\t\t<div class=\"elementor-image-box-wrapper\"><figure class=\"elementor-image-box-img\"><a href=\"https:\/\/bmpalvelutoy.fi\/index.php\/rappusiivous\/\" tabindex=\"-1\"><img loading=\"lazy\" decoding=\"async\" width=\"2000\" height=\"1333\" src=\"https:\/\/bmpalvelutoy.fi\/wp-content\/uploads\/2024\/01\/cleaning-service-concept-woman-clean-stair-at-home.jpg\" class=\"attachment-full size-full wp-image-111\" alt=\"Cleaning service concept. Woman clean stair at home\" srcset=\"https:\/\/bmpalvelutoy.fi\/wp-content\/uploads\/2024\/01\/cleaning-service-concept-woman-clean-stair-at-home.jpg 2000w, https:\/\/bmpalvelutoy.fi\/wp-content\/uploads\/2024\/01\/cleaning-service-concept-woman-clean-stair-at-home-300x200.jpg 300w, https:\/\/bmpalvelutoy.fi\/wp-content\/uploads\/2024\/01\/cleaning-service-concept-woman-clean-stair-at-home-1024x682.jpg 1024w, https:\/\/bmpalvelutoy.fi\/wp-content\/uploads\/2024\/01\/cleaning-service-concept-woman-clean-stair-at-home-768x512.jpg 768w, https:\/\/bmpalvelutoy.fi\/wp-content\/uploads\/2024\/01\/cleaning-service-concept-woman-clean-stair-at-home-1536x1024.jpg 1536w\" sizes=\"(max-width: 2000px) 100vw, 2000px\" \/><\/a><\/figure><div class=\"elementor-image-box-content\"><h5 class=\"elementor-image-box-title\"><a href=\"https:\/\/bmpalvelutoy.fi\/index.php\/rappusiivous\/\">Rappusiivous<\/a><\/h5><p class=\"elementor-image-box-description\">Meid\u00e4n rappusiivouspalvelumme yll\u00e4pit\u00e4\u00e4 rappuk\u00e4yt\u00e4vien siisteytt\u00e4 ja turvallisuutta, luoden kutsuvan ensivaikutelman.<\/p><\/div><\/div>\t\t<\/div>\n\t\t\t\t<\/div>\n\t\t\t\t<div class=\"elementor-element elementor-element-e0f473a elementor-position-top elementor-invisible elementor-widget elementor-widget-image-box\" data-id=\"e0f473a\" data-element_type=\"widget\" data-settings=\"{&quot;_animation&quot;:&quot;fadeInUp&quot;}\" data-widget_type=\"image-box.default\">\n\t\t\t\t<div class=\"elementor-widget-container\">\n\t\t\t<div class=\"elementor-image-box-wrapper\"><figure class=\"elementor-image-box-img\"><a href=\"https:\/\/bmpalvelutoy.fi\/index.php\/ikkunapesu\/\" tabindex=\"-1\"><img loading=\"lazy\" decoding=\"async\" width=\"2560\" height=\"1707\" src=\"https:\/\/bmpalvelutoy.fi\/wp-content\/uploads\/2024\/04\/window-cleaner-removing-cleaning-liquid-from-smoot-2023-11-27-05-09-42-utc-scaled.jpg\" class=\"attachment-full size-full wp-image-336\" alt=\"\" srcset=\"https:\/\/bmpalvelutoy.fi\/wp-content\/uploads\/2024\/04\/window-cleaner-removing-cleaning-liquid-from-smoot-2023-11-27-05-09-42-utc-scaled.jpg 2560w, https:\/\/bmpalvelutoy.fi\/wp-content\/uploads\/2024\/04\/window-cleaner-removing-cleaning-liquid-from-smoot-2023-11-27-05-09-42-utc-300x200.jpg 300w, https:\/\/bmpalvelutoy.fi\/wp-content\/uploads\/2024\/04\/window-cleaner-removing-cleaning-liquid-from-smoot-2023-11-27-05-09-42-utc-1024x683.jpg 1024w, https:\/\/bmpalvelutoy.fi\/wp-content\/uploads\/2024\/04\/window-cleaner-removing-cleaning-liquid-from-smoot-2023-11-27-05-09-42-utc-768x512.jpg 768w, https:\/\/bmpalvelutoy.fi\/wp-content\/uploads\/2024\/04\/window-cleaner-removing-cleaning-liquid-from-smoot-2023-11-27-05-09-42-utc-1536x1024.jpg 1536w, https:\/\/bmpalvelutoy.fi\/wp-content\/uploads\/2024\/04\/window-cleaner-removing-cleaning-liquid-from-smoot-2023-11-27-05-09-42-utc-2048x1365.jpg 2048w\" sizes=\"(max-width: 2560px) 100vw, 2560px\" \/><\/a><\/figure><div class=\"elementor-image-box-content\"><h5 class=\"elementor-image-box-title\"><a href=\"https:\/\/bmpalvelutoy.fi\/index.php\/ikkunapesu\/\">Ikkunanpesu<\/a><\/h5><p class=\"elementor-image-box-description\">BM Palvelut Oy tarjoaa tehokasta ja ammattitaitoista ikkunanpesupalvelua, joka takaa kirkkaat ja puhtaat ikkunat niin kotona kuin toimistossakin.<\/p><\/div><\/div>\t\t<\/div>\n\t\t\t\t<\/div>\n\t\t\t\t\t<\/div>\n\t\t<\/div>\n\t\t\t\t<div class=\"elementor-column elementor-col-33 elementor-top-column elementor-element elementor-element-1e52b1f6\" data-id=\"1e52b1f6\" data-element_type=\"column\">\n\t\t\t<div class=\"elementor-widget-wrap elementor-element-populated\">\n\t\t\t\t\t\t\t\t<div class=\"elementor-element elementor-element-68bf96ac elementor-position-top elementor-invisible elementor-widget elementor-widget-image-box\" data-id=\"68bf96ac\" data-element_type=\"widget\" data-settings=\"{&quot;_animation&quot;:&quot;fadeInRight&quot;}\" data-widget_type=\"image-box.default\">\n\t\t\t\t<div class=\"elementor-widget-container\">\n\t\t\t<div class=\"elementor-image-box-wrapper\"><figure class=\"elementor-image-box-img\"><a href=\"https:\/\/bmpalvelutoy.fi\/index.php\/hyllyjen-asennus-purkutyot\/\" tabindex=\"-1\"><img loading=\"lazy\" decoding=\"async\" width=\"2000\" height=\"1334\" src=\"https:\/\/bmpalvelutoy.fi\/wp-content\/uploads\/2024\/01\/huge-closet-with-shelves-drawers-and-shoe-racks-with-wooden-shelves-wall-installing-a-shelf.jpg\" class=\"attachment-full size-full wp-image-97\" alt=\"Huge closet with shelves, drawers and shoe racks with wooden shelves wall installing a shelf\" srcset=\"https:\/\/bmpalvelutoy.fi\/wp-content\/uploads\/2024\/01\/huge-closet-with-shelves-drawers-and-shoe-racks-with-wooden-shelves-wall-installing-a-shelf.jpg 2000w, https:\/\/bmpalvelutoy.fi\/wp-content\/uploads\/2024\/01\/huge-closet-with-shelves-drawers-and-shoe-racks-with-wooden-shelves-wall-installing-a-shelf-300x200.jpg 300w, https:\/\/bmpalvelutoy.fi\/wp-content\/uploads\/2024\/01\/huge-closet-with-shelves-drawers-and-shoe-racks-with-wooden-shelves-wall-installing-a-shelf-1024x683.jpg 1024w, https:\/\/bmpalvelutoy.fi\/wp-content\/uploads\/2024\/01\/huge-closet-with-shelves-drawers-and-shoe-racks-with-wooden-shelves-wall-installing-a-shelf-768x512.jpg 768w, https:\/\/bmpalvelutoy.fi\/wp-content\/uploads\/2024\/01\/huge-closet-with-shelves-drawers-and-shoe-racks-with-wooden-shelves-wall-installing-a-shelf-1536x1025.jpg 1536w\" sizes=\"(max-width: 2000px) 100vw, 2000px\" \/><\/a><\/figure><div class=\"elementor-image-box-content\"><h5 class=\"elementor-image-box-title\"><a href=\"https:\/\/bmpalvelutoy.fi\/index.php\/hyllyjen-asennus-purkutyot\/\">Hyllyjen asennus\/purkuty\u00f6t<\/a><\/h5><p class=\"elementor-image-box-description\">Asiantunteva hyllyjen asennus ja purku optimoi tilasi k\u00e4yt\u00f6n ja lis\u00e4\u00e4 toiminnan tehokkuutta ja joustavuutta.<\/p><\/div><\/div>\t\t<\/div>\n\t\t\t\t<\/div>\n\t\t\t\t<div class=\"elementor-element elementor-element-4646e09 elementor-position-top elementor-invisible elementor-widget elementor-widget-image-box\" data-id=\"4646e09\" data-element_type=\"widget\" data-settings=\"{&quot;_animation&quot;:&quot;fadeInUp&quot;}\" data-widget_type=\"image-box.default\">\n\t\t\t\t<div class=\"elementor-widget-container\">\n\t\t\t<div class=\"elementor-image-box-wrapper\"><figure class=\"elementor-image-box-img\"><a href=\"https:\/\/bmpalvelutoy.fi\/index.php\/muuttopalvelu\/\" tabindex=\"-1\"><img loading=\"lazy\" decoding=\"async\" width=\"2000\" height=\"1333\" src=\"https:\/\/bmpalvelutoy.fi\/wp-content\/uploads\/2024\/01\/moving.jpg\" class=\"attachment-full size-full wp-image-222\" alt=\"Moving\" srcset=\"https:\/\/bmpalvelutoy.fi\/wp-content\/uploads\/2024\/01\/moving.jpg 2000w, https:\/\/bmpalvelutoy.fi\/wp-content\/uploads\/2024\/01\/moving-300x200.jpg 300w, https:\/\/bmpalvelutoy.fi\/wp-content\/uploads\/2024\/01\/moving-1024x682.jpg 1024w, https:\/\/bmpalvelutoy.fi\/wp-content\/uploads\/2024\/01\/moving-768x512.jpg 768w, https:\/\/bmpalvelutoy.fi\/wp-content\/uploads\/2024\/01\/moving-1536x1024.jpg 1536w\" sizes=\"(max-width: 2000px) 100vw, 2000px\" \/><\/a><\/figure><div class=\"elementor-image-box-content\"><h5 class=\"elementor-image-box-title\"><a href=\"https:\/\/bmpalvelutoy.fi\/index.php\/muuttopalvelu\/\">Muuttopalvelut<\/a><\/h5><p class=\"elementor-image-box-description\">BM Palvelut Oy:n muuttopalvelu tarjoaa vaivattoman ja luotettavan ratkaisun kaikkiin muuttoihisi, varmistaen tavaroidesi turvallisen ja tehokkaan kuljetuksen<\/p><\/div><\/div>\t\t<\/div>\n\t\t\t\t<\/div>\n\t\t\t\t<div class=\"elementor-element elementor-element-e20ff9f elementor-position-top elementor-invisible elementor-widget elementor-widget-image-box\" data-id=\"e20ff9f\" data-element_type=\"widget\" data-settings=\"{&quot;_animation&quot;:&quot;fadeInUp&quot;}\" data-widget_type=\"image-box.default\">\n\t\t\t\t<div class=\"elementor-widget-container\">\n\t\t\t<div class=\"elementor-image-box-wrapper\"><figure class=\"elementor-image-box-img\"><a href=\"https:\/\/bmpalvelutoy.fi\/index.php\/muuttopalvelu\/\" tabindex=\"-1\"><img loading=\"lazy\" decoding=\"async\" width=\"2560\" height=\"1706\" src=\"https:\/\/bmpalvelutoy.fi\/wp-content\/uploads\/2024\/04\/male-groundkeeper-cleaning-sidewalk-with-high-pres-2023-11-27-04-57-18-utc-scaled.jpg\" class=\"attachment-full size-full wp-image-329\" alt=\"\" srcset=\"https:\/\/bmpalvelutoy.fi\/wp-content\/uploads\/2024\/04\/male-groundkeeper-cleaning-sidewalk-with-high-pres-2023-11-27-04-57-18-utc-scaled.jpg 2560w, https:\/\/bmpalvelutoy.fi\/wp-content\/uploads\/2024\/04\/male-groundkeeper-cleaning-sidewalk-with-high-pres-2023-11-27-04-57-18-utc-300x200.jpg 300w, https:\/\/bmpalvelutoy.fi\/wp-content\/uploads\/2024\/04\/male-groundkeeper-cleaning-sidewalk-with-high-pres-2023-11-27-04-57-18-utc-1024x683.jpg 1024w, https:\/\/bmpalvelutoy.fi\/wp-content\/uploads\/2024\/04\/male-groundkeeper-cleaning-sidewalk-with-high-pres-2023-11-27-04-57-18-utc-768x512.jpg 768w, https:\/\/bmpalvelutoy.fi\/wp-content\/uploads\/2024\/04\/male-groundkeeper-cleaning-sidewalk-with-high-pres-2023-11-27-04-57-18-utc-1536x1024.jpg 1536w, https:\/\/bmpalvelutoy.fi\/wp-content\/uploads\/2024\/04\/male-groundkeeper-cleaning-sidewalk-with-high-pres-2023-11-27-04-57-18-utc-2048x1365.jpg 2048w\" sizes=\"(max-width: 2560px) 100vw, 2560px\" \/><\/a><\/figure><div class=\"elementor-image-box-content\"><h5 class=\"elementor-image-box-title\"><a href=\"https:\/\/bmpalvelutoy.fi\/index.php\/muuttopalvelu\/\">Terassipesu<\/a><\/h5><p class=\"elementor-image-box-description\">BM Palvelut Oy:n terassipesupalvelu syv\u00e4puhdistaa ja suojaa terassisi, varmistaen ett\u00e4 se n\u00e4ytt\u00e4\u00e4 upealta ja kest\u00e4\u00e4 s\u00e4\u00e4olosuhteita vuodesta toiseen.<\/p><\/div><\/div>\t\t<\/div>\n\t\t\t\t<\/div>\n\t\t\t\t\t<\/div>\n\t\t<\/div>\n\t\t\t\t\t\t\t<\/div>\n\t\t<\/section>\n\t\t\t\t\t\t\t<\/div>\n\t\t","protected":false},"excerpt":{"rendered":"<p>Meid\u00e4n Palvelut Rakennussiivoukset Ammattitaidolla toteutettu rakennussiivous varmistaa ty\u00f6maasi siisteyden ja turvallisuuden projektin kaikissa vaiheissa. Toimistosiivous BM Palvelut Oy:n toimistosiivous tarjoaa ammattimaista ja huolellista puhdistusta, tukien ty\u00f6ymp\u00e4rist\u00f6n puhtautta ja tuottavuutta. Pakettiauton vuokraus BM Palvelut Oy:n pakettiauton vuokraus tarjoaa joustavia ja luotettavia vaihtoehtoja kaikenlaisiin kuljetustarpeisiin, yksinkertaistaen logistiikkaasi. Purkuty\u00f6t Tehokkaat ja turvalliset purkuty\u00f6t ammattilaistemme toimesta takaavat sujuvan valmistelun [&hellip;]<\/p>\n","protected":false},"author":1,"featured_media":0,"parent":0,"menu_order":0,"comment_status":"closed","ping_status":"closed","template":"","meta":{"footnotes":""},"_links":{"self":[{"href":"https:\/\/bmpalvelutoy.fi\/index.php\/wp-json\/wp\/v2\/pages\/116"}],"collection":[{"href":"https:\/\/bmpalvelutoy.fi\/index.php\/wp-json\/wp\/v2\/pages"}],"about":[{"href":"https:\/\/bmpalvelutoy.fi\/index.php\/wp-json\/wp\/v2\/types\/page"}],"author":[{"embeddable":true,"href":"https:\/\/bmpalvelutoy.fi\/index.php\/wp-json\/wp\/v2\/users\/1"}],"replies":[{"embeddable":true,"href":"https:\/\/bmpalvelutoy.fi\/index.php\/wp-json\/wp\/v2\/comments?post=116"}],"version-history":[{"count":16,"href":"https:\/\/bmpalvelutoy.fi\/index.php\/wp-json\/wp\/v2\/pages\/116\/revisions"}],"predecessor-version":[{"id":340,"href":"https:\/\/bmpalvelutoy.fi\/index.php\/wp-json\/wp\/v2\/pages\/116\/revisions\/340"}],"wp:attachment":[{"href":"https:\/\/bmpalvelutoy.fi\/index.php\/wp-json\/wp\/v2\/media?parent=116"}],"curies":[{"name":"wp","href":"https:\/\/api.w.org\/{rel}","templated":true}]}}